{"id":30,"date":"2023-03-22T11:08:24","date_gmt":"2023-03-22T11:08:24","guid":{"rendered":"https:\/\/serenataportuguesa.com\/accommodation\/"},"modified":"2023-12-17T14:13:09","modified_gmt":"2023-12-17T14:13:09","slug":"about","status":"publish","type":"page","link":"https:\/\/serenataportuguesa.com\/de\/about\/","title":{"rendered":"\u00dcber"},"content":{"rendered":"<div data-elementor-type=\"wp-page\" data-elementor-id=\"30\" class=\"elementor elementor-30\" data-elementor-post-type=\"page\">\n\t\t\t\t\t\t<section class=\"elementor-section elementor-top-section elementor-element elementor-element-2f884430 elementor-section-height-min-height elementor-section-full_width elementor-section-items-stretch elementor-section-content-middle elementor-section-height-default\" data-id=\"2f884430\" data-element_type=\"section\" data-e-type=\"section\" data-settings=\"{&quot;background_background&quot;:&quot;classic&quot;}\">\n\t\t\t\t\t\t<div class=\"elementor-container elementor-column-gap-default\">\n\t\t\t\t\t<div class=\"elementor-column elementor-col-100 elementor-top-column elementor-element elementor-element-75cf96f0\" data-id=\"75cf96f0\" data-element_type=\"column\" data-e-type=\"column\">\n\t\t\t<div class=\"elementor-widget-wrap elementor-element-populated\">\n\t\t\t\t\t\t<div class=\"elementor-element elementor-element-26c97a38 elementor-widget elementor-widget-heading\" data-id=\"26c97a38\" data-element_type=\"widget\" data-e-type=\"widget\" data-widget_type=\"heading.default\">\n\t\t\t\t<div class=\"elementor-widget-container\">\n\t\t\t\t\t<h1 class=\"elementor-heading-title elementor-size-default\">WIR SIND<\/h1>\t\t\t\t<\/div>\n\t\t\t\t<\/div>\n\t\t\t\t<div class=\"elementor-element elementor-element-9fb1243 elementor-shape-circle elementor-grid-1 e-grid-align-left elementor-widget__width-auto elementor-fixed elementor-widget elementor-widget-global elementor-global-495 elementor-widget-social-icons\" data-id=\"9fb1243\" data-element_type=\"widget\" data-e-type=\"widget\" data-settings=\"{&quot;_position&quot;:&quot;fixed&quot;}\" data-widget_type=\"social-icons.default\">\n\t\t\t\t<div class=\"elementor-widget-container\">\n\t\t\t\t\t\t\t<div class=\"elementor-social-icons-wrapper elementor-grid\" role=\"list\">\n\t\t\t\t\t\t\t<span class=\"elementor-grid-item\" role=\"listitem\">\n\t\t\t\t\t<a class=\"elementor-icon elementor-social-icon elementor-social-icon-youtube elementor-animation-grow elementor-repeater-item-7b6b8b0\" href=\"https:\/\/www.youtube.com\/@serenataportuguesa\" target=\"_blank\">\n\t\t\t\t\t\t<span class=\"elementor-screen-only\">Youtube<\/span>\n\t\t\t\t\t\t<svg aria-hidden=\"true\" class=\"e-font-icon-svg e-fab-youtube\" viewbox=\"0 0 576 512\" xmlns=\"http:\/\/www.w3.org\/2000\/svg\"><path d=\"M549.655 124.083c-6.281-23.65-24.787-42.276-48.284-48.597C458.781 64 288 64 288 64S117.22 64 74.629 75.486c-23.497 6.322-42.003 24.947-48.284 48.597-11.412 42.867-11.412 132.305-11.412 132.305s0 89.438 11.412 132.305c6.281 23.65 24.787 41.5 48.284 47.821C117.22 448 288 448 288 448s170.78 0 213.371-11.486c23.497-6.321 42.003-24.171 48.284-47.821 11.412-42.867 11.412-132.305 11.412-132.305s0-89.438-11.412-132.305zm-317.51 213.508V175.185l142.739 81.205-142.739 81.201z\"><\/path><\/svg>\t\t\t\t\t<\/a>\n\t\t\t\t<\/span>\n\t\t\t\t\t\t\t<span class=\"elementor-grid-item\" role=\"listitem\">\n\t\t\t\t\t<a class=\"elementor-icon elementor-social-icon elementor-social-icon-facebook elementor-animation-grow elementor-repeater-item-94c8920\" href=\"https:\/\/www.facebook.com\/serenata.portuguesa\/\" target=\"_blank\">\n\t\t\t\t\t\t<span class=\"elementor-screen-only\">Facebook<\/span>\n\t\t\t\t\t\t<svg aria-hidden=\"true\" class=\"e-font-icon-svg e-fab-facebook\" viewbox=\"0 0 512 512\" xmlns=\"http:\/\/www.w3.org\/2000\/svg\"><path d=\"M504 256C504 119 393 8 256 8S8 119 8 256c0 123.78 90.69 226.38 209.25 245V327.69h-63V256h63v-54.64c0-62.15 37-96.48 93.67-96.48 27.14 0 55.52 4.84 55.52 4.84v61h-31.28c-30.8 0-40.41 19.12-40.41 38.73V256h68.78l-11 71.69h-57.78V501C413.31 482.38 504 379.78 504 256z\"><\/path><\/svg>\t\t\t\t\t<\/a>\n\t\t\t\t<\/span>\n\t\t\t\t\t\t\t<span class=\"elementor-grid-item\" role=\"listitem\">\n\t\t\t\t\t<a class=\"elementor-icon elementor-social-icon elementor-social-icon-instagram elementor-animation-grow elementor-repeater-item-c5b6119\" href=\"https:\/\/www.instagram.com\/serenataportuguesa\/\" target=\"_blank\">\n\t\t\t\t\t\t<span class=\"elementor-screen-only\">Instagram<\/span>\n\t\t\t\t\t\t<svg aria-hidden=\"true\" class=\"e-font-icon-svg e-fab-instagram\" viewbox=\"0 0 448 512\" xmlns=\"http:\/\/www.w3.org\/2000\/svg\"><path d=\"M224.1 141c-63.6 0-114.9 51.3-114.9 114.9s51.3 114.9 114.9 114.9S339 319.5 339 255.9 287.7 141 224.1 141zm0 189.6c-41.1 0-74.7-33.5-74.7-74.7s33.5-74.7 74.7-74.7 74.7 33.5 74.7 74.7-33.6 74.7-74.7 74.7zm146.4-194.3c0 14.9-12 26.8-26.8 26.8-14.9 0-26.8-12-26.8-26.8s12-26.8 26.8-26.8 26.8 12 26.8 26.8zm76.1 27.2c-1.7-35.9-9.9-67.7-36.2-93.9-26.2-26.2-58-34.4-93.9-36.2-37-2.1-147.9-2.1-184.9 0-35.8 1.7-67.6 9.9-93.9 36.1s-34.4 58-36.2 93.9c-2.1 37-2.1 147.9 0 184.9 1.7 35.9 9.9 67.7 36.2 93.9s58 34.4 93.9 36.2c37 2.1 147.9 2.1 184.9 0 35.9-1.7 67.7-9.9 93.9-36.2 26.2-26.2 34.4-58 36.2-93.9 2.1-37 2.1-147.8 0-184.8zM398.8 388c-7.8 19.6-22.9 34.7-42.6 42.6-29.5 11.7-99.5 9-132.1 9s-102.7 2.6-132.1-9c-19.6-7.8-34.7-22.9-42.6-42.6-11.7-29.5-9-99.5-9-132.1s-2.6-102.7 9-132.1c7.8-19.6 22.9-34.7 42.6-42.6 29.5-11.7 99.5-9 132.1-9s102.7-2.6 132.1 9c19.6 7.8 34.7 22.9 42.6 42.6 11.7 29.5 9 99.5 9 132.1s2.7 102.7-9 132.1z\"><\/path><\/svg>\t\t\t\t\t<\/a>\n\t\t\t\t<\/span>\n\t\t\t\t\t<\/div>\n\t\t\t\t\t\t<\/div>\n\t\t\t\t<\/div>\n\t\t\t\t<div class=\"elementor-element elementor-element-2639583b elementor-widget elementor-widget-heading\" data-id=\"2639583b\" data-element_type=\"widget\" data-e-type=\"widget\" data-widget_type=\"heading.default\">\n\t\t\t\t<div class=\"elementor-widget-container\">\n\t\t\t\t\t<h4 class=\"elementor-heading-title elementor-size-default\">Eine Hommage an die Musik von Coimbra<\/h4>\t\t\t\t<\/div>\n\t\t\t\t<\/div>\n\t\t\t\t\t<\/div>\n\t\t<\/div>\n\t\t\t\t\t<\/div>\n\t\t<\/section>\n\t\t\t\t<section class=\"elementor-section elementor-top-section elementor-element elementor-element-7f6ac205 elementor-section-height-min-height elementor-section-boxed elementor-section-height-default elementor-section-items-middle\" data-id=\"7f6ac205\" data-element_type=\"section\" data-e-type=\"section\">\n\t\t\t\t\t\t<div class=\"elementor-container elementor-column-gap-default\">\n\t\t\t\t\t<div class=\"elementor-column elementor-col-100 elementor-top-column elementor-element elementor-element-16ac7731\" data-id=\"16ac7731\" data-element_type=\"column\" data-e-type=\"column\">\n\t\t\t<div class=\"elementor-widget-wrap elementor-element-populated\">\n\t\t\t\t\t\t<div class=\"elementor-element elementor-element-e6dc8e5 elementor-widget elementor-widget-heading\" data-id=\"e6dc8e5\" data-element_type=\"widget\" data-e-type=\"widget\" data-widget_type=\"heading.default\">\n\t\t\t\t<div class=\"elementor-widget-container\">\n\t\t\t\t\t<h2 class=\"elementor-heading-title elementor-size-default\">Serenata Portuguesa<\/h2>\t\t\t\t<\/div>\n\t\t\t\t<\/div>\n\t\t\t\t<div class=\"elementor-element elementor-element-1c4d6e9c elementor-widget elementor-widget-text-editor\" data-id=\"1c4d6e9c\" data-element_type=\"widget\" data-e-type=\"widget\" data-widget_type=\"text-editor.default\">\n\t\t\t\t<div class=\"elementor-widget-container\">\n\t\t\t\t\t\t\t\t\t<p><strong>\u00a0Eine Hommage an die Musik von Coimbra<\/strong><\/p><p>Coimbra ist die \u00e4lteste Universit\u00e4tsstadt und war f\u00fcr viele Jahrhunderte die einzige in Portugal.<\/p><p>Im Laufe der Jahre hat ihre reiche Geschichte Studenten und Besucher aus allen Teilen der Welt angezogen, besonders aus ehemaligen portugiesischen Kolonien. Bereits im 19. Jahrhundert f\u00fchrten brasilianische Studenten die \"Serenata\" (Nachtgesang) ein, die noch heute ein wesentlicher Bestandteil des unverwechselbaren Fado-Stils der Stadt ist.<\/p><p>Die ber\u00fchmten Chansons und Fados entstanden unter Studenten, die sich nachts in Caf\u00e9s oder sogar auf der Stra\u00dfe versammelten, um diese Lieder zu singen und zu schreiben. Bis heute ist diese Kultur lebendig, und jedes Jahr entstehen unter den Studenten neue Fados.<\/p><p>Wir sind eine Gruppe talentierter und versierter internationaler K\u00fcnstler und haben das Publikum in Berlin und Brandenburg mit unseren ergreifenden Auff\u00fchrungen des einzigartigen Coimbra-Stils des Fado begeistert.<\/p><p>\u00a0<\/p><p><span style=\"text-decoration: underline;\">Hier ist, was die Serenata Portuguesa auszeichnet:<\/span><\/p><p>\u00a0<\/p><p><strong>Authentizit\u00e4t<\/strong>: Das Ensemble besteht aus engagierten Musikern unterschiedlicher musikalischer Hintergr\u00fcnde, die sich tief in die reichen Traditionen des Coimbra-Fados vertieft haben und sich daher sicher f\u00fchlen, Elemente aus anderen Musikstilen hinzuzuf\u00fcgen, ohne die poetische Sch\u00f6nheit dieses Genres zu beeintr\u00e4chtigen. Das verleiht der Serenata Portuguesa ihren einzigartigen und authentischen Klang.<\/p><p><strong>Musikalit\u00e4t<\/strong>: Jedes Mitglied des Ensembles ist ein K\u00fcnstler f\u00fcr sich. Ihre Kompetenz auf Instrumenten wie der portugiesischen \/ Coimbra-Gitarre und der klassischen Gitarre, kombiniert mit au\u00dfergew\u00f6hnlichem stimmlichem Talent, schafft ein faszinierendes klangliches Geflecht, dass das Publikum mitten ins Herz Portugals versetzt.<\/p><p><strong>Emotionale Resonanz<\/strong>: Fado de Coimbra ist bekannt f\u00fcr seine tiefgreifende emotionale Tiefe und Geschichtenerz\u00e4hlung. Die Auff\u00fchrungen des Ensembles sind nicht nur Konzerte; es sind emotionale Reisen, die das Publikum bewegen und verzaubert zur\u00fccklassen.<\/p><p><strong>Kulturelle Bereicherung<\/strong>: Serenata Portuguesa bietet nicht nur ein unvergessliches musikalisches Erlebnis, sondern gibt dem Publikum auch die M\u00f6glichkeit, in das reiche Kulturerbe Portugals einzutauchen.<\/p><p>Kontaktieren Sie uns und schlie\u00dfen Sie sich unserer wachsenden Zahl von Fans und Partnern an. Vielen Dank!<\/p>\t\t\t\t\t\t\t\t<\/div>\n\t\t\t\t<\/div>\n\t\t\t\t\t<\/div>\n\t\t<\/div>\n\t\t\t\t\t<\/div>\n\t\t<\/section>\n\t\t\t\t<section class=\"elementor-section elementor-top-section elementor-element elementor-element-86bb0b4 elementor-section-full_width elementor-section-height-default elementor-section-height-default\" data-id=\"86bb0b4\" data-element_type=\"section\" data-e-type=\"section\">\n\t\t\t\t\t\t<div class=\"elementor-container elementor-column-gap-default\">\n\t\t\t\t\t<div class=\"elementor-column elementor-col-100 elementor-top-column elementor-element elementor-element-ddeae77\" data-id=\"ddeae77\" data-element_type=\"column\" data-e-type=\"column\">\n\t\t\t<div class=\"elementor-widget-wrap elementor-element-populated\">\n\t\t\t\t\t\t<div class=\"elementor-element elementor-element-d429cc8 elementor-align-center animated-slow elementor-invisible elementor-widget elementor-widget-button\" data-id=\"d429cc8\" data-element_type=\"widget\" data-e-type=\"widget\" data-settings=\"{&quot;_animation&quot;:&quot;bounceIn&quot;,&quot;_animation_delay&quot;:0}\" data-widget_type=\"button.default\">\n\t\t\t\t<div class=\"elementor-widget-container\">\n\t\t\t\t\t\t\t\t\t<div class=\"elementor-button-wrapper\">\n\t\t\t\t\t<a class=\"elementor-button elementor-button-link elementor-size-xs\" href=\"https:\/\/serenataportuguesa.com\/de\/musicians\/\">\n\t\t\t\t\t\t<span class=\"elementor-button-content-wrapper\">\n\t\t\t\t\t\t\t\t\t<span class=\"elementor-button-text\">Die Musiker<\/span>\n\t\t\t\t\t<\/span>\n\t\t\t\t\t<\/a>\n\t\t\t\t<\/div>\n\t\t\t\t\t\t\t\t<\/div>\n\t\t\t\t<\/div>\n\t\t\t\t\t<\/div>\n\t\t<\/div>\n\t\t\t\t\t<\/div>\n\t\t<\/section>\n\t\t\t\t<\/div>","protected":false},"excerpt":{"rendered":"<p>WE ARE Youtube Facebook Instagram A tribute to the music of Coimbra Serenata Portuguesa \u00a0A tribute to the music of Coimbra Coimbra is the oldest university city and was the [&hellip;]<\/p>\n","protected":false},"author":671,"featured_media":0,"parent":0,"menu_order":0,"comment_status":"closed","ping_status":"closed","template":"elementor_header_footer","meta":{"_EventAllDay":false,"_EventTimezone":"","_EventStartDate":"","_EventEndDate":"","_EventStartDateUTC":"","_EventEndDateUTC":"","_EventShowMap":false,"_EventShowMapLink":false,"_EventURL":"","_EventCost":"","_EventCostDescription":"","_EventCurrencySymbol":"","_EventCurrencyCode":"","_EventCurrencyPosition":"","_EventDateTimeSeparator":"","_EventTimeRangeSeparator":"","_EventOrganizerID":[],"_EventVenueID":[],"_OrganizerEmail":"","_OrganizerPhone":"","_OrganizerWebsite":"","_VenueAddress":"","_VenueCity":"","_VenueCountry":"","_VenueProvince":"","_VenueState":"","_VenueZip":"","_VenuePhone":"","_VenueURL":"","_VenueStateProvince":"","_VenueLat":"","_VenueLng":"","_VenueShowMap":false,"_VenueShowMapLink":false,"footnotes":""},"class_list":["post-30","page","type-page","status-publish","hentry"],"_links":{"self":[{"href":"https:\/\/serenataportuguesa.com\/de\/wp-json\/wp\/v2\/pages\/30","targetHints":{"allow":["GET"]}}],"collection":[{"href":"https:\/\/serenataportuguesa.com\/de\/wp-json\/wp\/v2\/pages"}],"about":[{"href":"https:\/\/serenataportuguesa.com\/de\/wp-json\/wp\/v2\/types\/page"}],"author":[{"embeddable":true,"href":"https:\/\/serenataportuguesa.com\/de\/wp-json\/wp\/v2\/users\/671"}],"replies":[{"embeddable":true,"href":"https:\/\/serenataportuguesa.com\/de\/wp-json\/wp\/v2\/comments?post=30"}],"version-history":[{"count":25,"href":"https:\/\/serenataportuguesa.com\/de\/wp-json\/wp\/v2\/pages\/30\/revisions"}],"predecessor-version":[{"id":793,"href":"https:\/\/serenataportuguesa.com\/de\/wp-json\/wp\/v2\/pages\/30\/revisions\/793"}],"wp:attachment":[{"href":"https:\/\/serenataportuguesa.com\/de\/wp-json\/wp\/v2\/media?parent=30"}],"curies":[{"name":"wp","href":"https:\/\/api.w.org\/{rel}","templated":true}]}}